{"id":241,"date":"2024-06-03T13:37:35","date_gmt":"2024-06-03T13:37:35","guid":{"rendered":"https:\/\/spiritsclub.pt\/?page_id=241"},"modified":"2026-03-04T22:39:43","modified_gmt":"2026-03-04T22:39:43","slug":"formacao","status":"publish","type":"page","link":"https:\/\/spiritsclub.pt\/?page_id=241","title":{"rendered":"Forma\u00e7\u00e3o SpiritsClub"},"content":{"rendered":"\t\t<div data-elementor-type=\"wp-page\" data-elementor-id=\"241\" class=\"elementor elementor-241\">\n\t\t\t\t<div class=\"elementor-element elementor-element-d39ad32 e-flex e-con-boxed e-con e-parent\" data-id=\"d39ad32\" data-element_type=\"container\">\n\t\t\t\t\t<div class=\"e-con-inner\">\n\t\t\t\t<div class=\"elementor-element elementor-element-92ddb47 elementor-widget elementor-widget-image\" data-id=\"92ddb47\" data-element_type=\"widget\" data-widget_type=\"image.default\">\n\t\t\t\t<div class=\"elementor-widget-container\">\n\t\t\t\t\t\t\t\t\t\t\t\t\t\t\t<img fetchpriority=\"high\" decoding=\"async\" width=\"300\" height=\"300\" src=\"https:\/\/spiritsclub.pt\/wp-content\/uploads\/2024\/05\/SC_LOGO-300x300.png\" class=\"attachment-medium size-medium wp-image-35\" alt=\"\" srcset=\"https:\/\/spiritsclub.pt\/wp-content\/uploads\/2024\/05\/SC_LOGO-300x300.png 300w, https:\/\/spiritsclub.pt\/wp-content\/uploads\/2024\/05\/SC_LOGO-150x150.png 150w, https:\/\/spiritsclub.pt\/wp-content\/uploads\/2024\/05\/SC_LOGO.png 640w\" sizes=\"(max-width: 300px) 100vw, 300px\" \/>\t\t\t\t\t\t\t\t\t\t\t\t\t\t\t<\/div>\n\t\t\t\t<\/div>\n\t\t\t\t\t<\/div>\n\t\t\t\t<\/div>\n\t\t<div class=\"elementor-element elementor-element-868ea04 e-grid e-con-boxed e-con e-parent\" data-id=\"868ea04\" data-element_type=\"container\">\n\t\t\t\t\t<div class=\"e-con-inner\">\n\t\t\t\t<div class=\"elementor-element elementor-element-a8e29ba elementor-widget elementor-widget-text-editor\" data-id=\"a8e29ba\" data-element_type=\"widget\" data-widget_type=\"text-editor.default\">\n\t\t\t\t<div class=\"elementor-widget-container\">\n\t\t\t\t\t\t\t\t\t<p>Eventos \u00a0 \u00a0 \u00a0 \u00a0 \u00a0 \u00a0 \u00a0Forma\u00e7\u00e3o<\/p>\t\t\t\t\t\t\t\t<\/div>\n\t\t\t\t<\/div>\n\t\t\t\t\t<\/div>\n\t\t\t\t<\/div>\n\t\t<div class=\"elementor-element elementor-element-76e70a0 e-con-full e-flex e-con e-parent\" data-id=\"76e70a0\" data-element_type=\"container\" data-settings=\"{&quot;background_background&quot;:&quot;classic&quot;}\">\n\t\t<a class=\"eael-wrapper-link-94c846e --eael-wrapper-link-tag\" href=\"https:\/\/spiritsclub.pt\/?page_id=80\" rel=\"nofollow\"><\/a>\t\t<div data-eael-wrapper-link=\"eael-wrapper-link-94c846e\" class=\"elementor-element elementor-element-94c846e elementor-widget elementor-widget-video\" data-id=\"94c846e\" data-element_type=\"widget\" data-settings=\"{&quot;youtube_url&quot;:&quot;https:\\\/\\\/www.youtube.com\\\/watch?v=BV_u60Y7jiE&quot;,&quot;autoplay&quot;:&quot;yes&quot;,&quot;play_on_mobile&quot;:&quot;yes&quot;,&quot;mute&quot;:&quot;yes&quot;,&quot;video_type&quot;:&quot;youtube&quot;}\" data-widget_type=\"video.default\">\n\t\t\t\t<div class=\"elementor-widget-container\">\n\t\t\t\t\t\t\t<div class=\"elementor-wrapper elementor-open-inline\">\n\t\t\t<div class=\"elementor-video\"><\/div>\t\t<\/div>\n\t\t\t\t\t\t<\/div>\n\t\t\t\t<\/div>\n\t\t\t\t<\/div>\n\t\t<div class=\"elementor-element elementor-element-eb20028 e-con-full e-flex e-con e-parent\" data-id=\"eb20028\" data-element_type=\"container\">\n\t\t<div class=\"elementor-element elementor-element-110c59f e-con-full e-flex e-con e-child\" data-id=\"110c59f\" data-element_type=\"container\">\n\t\t\t\t<div class=\"elementor-element elementor-element-8b49801 elementor-widget elementor-widget-image\" data-id=\"8b49801\" data-element_type=\"widget\" data-widget_type=\"image.default\">\n\t\t\t\t<div class=\"elementor-widget-container\">\n\t\t\t\t\t\t\t\t\t\t\t\t\t\t\t<img decoding=\"async\" width=\"1500\" height=\"1000\" src=\"https:\/\/spiritsclub.pt\/wp-content\/uploads\/2024\/06\/E1.jpg\" class=\"attachment-full size-full wp-image-121\" alt=\"\" srcset=\"https:\/\/spiritsclub.pt\/wp-content\/uploads\/2024\/06\/E1.jpg 1500w, https:\/\/spiritsclub.pt\/wp-content\/uploads\/2024\/06\/E1-300x200.jpg 300w, https:\/\/spiritsclub.pt\/wp-content\/uploads\/2024\/06\/E1-1024x683.jpg 1024w, https:\/\/spiritsclub.pt\/wp-content\/uploads\/2024\/06\/E1-768x512.jpg 768w\" sizes=\"(max-width: 1500px) 100vw, 1500px\" \/>\t\t\t\t\t\t\t\t\t\t\t\t\t\t\t<\/div>\n\t\t\t\t<\/div>\n\t\t\t\t<div class=\"elementor-element elementor-element-2475917 elementor-widget elementor-widget-text-editor\" data-id=\"2475917\" data-element_type=\"widget\" data-widget_type=\"text-editor.default\">\n\t\t\t\t<div class=\"elementor-widget-container\">\n\t\t\t\t\t\t\t\t\t<p>Seja uma Pool Party em sua casa ou um evento institucional, para 12 ou para 3000 pessoas os nossos bares adaptam-se a qualquer tipo de evento de forma a que se misturem com o espa\u00e7o de forma funcional. Solu\u00e7\u00f5es chave na m\u00e3o com estrutura, copos, pessoal, e uma vasta selec\u00e7\u00e3o de bebidas \u00e0 escolha dos mais simples drinks aos sofisticados cocktails.<\/p>\t\t\t\t\t\t\t\t<\/div>\n\t\t\t\t<\/div>\n\t\t\t\t<\/div>\n\t\t<div class=\"elementor-element elementor-element-09f4d01 e-con-full e-flex e-con e-child\" data-id=\"09f4d01\" data-element_type=\"container\">\n\t\t\t\t<div class=\"elementor-element elementor-element-f8618ee elementor-widget elementor-widget-image\" data-id=\"f8618ee\" data-element_type=\"widget\" data-widget_type=\"image.default\">\n\t\t\t\t<div class=\"elementor-widget-container\">\n\t\t\t\t\t\t\t\t\t\t\t\t\t\t\t<img decoding=\"async\" width=\"1500\" height=\"1000\" src=\"https:\/\/spiritsclub.pt\/wp-content\/uploads\/2024\/06\/form1.jpg\" class=\"attachment-full size-full wp-image-123\" alt=\"\" srcset=\"https:\/\/spiritsclub.pt\/wp-content\/uploads\/2024\/06\/form1.jpg 1500w, https:\/\/spiritsclub.pt\/wp-content\/uploads\/2024\/06\/form1-300x200.jpg 300w, https:\/\/spiritsclub.pt\/wp-content\/uploads\/2024\/06\/form1-1024x683.jpg 1024w, https:\/\/spiritsclub.pt\/wp-content\/uploads\/2024\/06\/form1-768x512.jpg 768w\" sizes=\"(max-width: 1500px) 100vw, 1500px\" \/>\t\t\t\t\t\t\t\t\t\t\t\t\t\t\t<\/div>\n\t\t\t\t<\/div>\n\t\t\t\t<div class=\"elementor-element elementor-element-946a05e elementor-widget elementor-widget-text-editor\" data-id=\"946a05e\" data-element_type=\"widget\" data-widget_type=\"text-editor.default\">\n\t\t\t\t<div class=\"elementor-widget-container\">\n\t\t\t\t\t\t\t\t\t<p>Preparados para dar forma\u00e7\u00e3o profissional a barman seja forma\u00e7\u00e3o b\u00e1sica ou avan\u00e7ada, assim como a possibilidade de consultoria a bares em gest\u00e3o de pessoal e de implementa\u00e7\u00e3o de sistemas de bar e cartas de bar. Forma\u00e7\u00e3o on the job ou nas nossas instala\u00e7\u00f5es.<\/p>\t\t\t\t\t\t\t\t<\/div>\n\t\t\t\t<\/div>\n\t\t\t\t<\/div>\n\t\t\t\t<\/div>\n\t\t<div class=\"elementor-element elementor-element-190a4e0 e-flex e-con-boxed e-con e-parent\" data-id=\"190a4e0\" data-element_type=\"container\">\n\t\t\t\t\t<div class=\"e-con-inner\">\n\t\t\t\t<div class=\"elementor-element elementor-element-db1b627 elementor-widget elementor-widget-spacer\" data-id=\"db1b627\" data-element_type=\"widget\" data-widget_type=\"spacer.default\">\n\t\t\t\t<div class=\"elementor-widget-container\">\n\t\t\t\t\t\t\t<div class=\"elementor-spacer\">\n\t\t\t<div class=\"elementor-spacer-inner\"><\/div>\n\t\t<\/div>\n\t\t\t\t\t\t<\/div>\n\t\t\t\t<\/div>\n\t\t\t\t\t<\/div>\n\t\t\t\t<\/div>\n\t\t<div class=\"elementor-element elementor-element-e19a0a9 e-flex e-con-boxed e-con e-parent\" data-id=\"e19a0a9\" data-element_type=\"container\" data-settings=\"{&quot;background_background&quot;:&quot;classic&quot;}\">\n\t\t\t\t\t<div class=\"e-con-inner\">\n\t\t\t\t<div class=\"elementor-element elementor-element-7820d59 elementor-widget elementor-widget-image\" data-id=\"7820d59\" data-element_type=\"widget\" data-widget_type=\"image.default\">\n\t\t\t\t<div class=\"elementor-widget-container\">\n\t\t\t\t\t\t\t\t\t\t\t\t\t\t\t\t<a href=\"mailto:%20freelancer@moe.pt\">\n\t\t\t\t\t\t\t<img decoding=\"async\" src=\"https:\/\/spiritsclub.pt\/wp-content\/uploads\/elementor\/thumbs\/Screenshot-2024-06-03-at-11.15.13-qp40v3o8uiha6vbi46k58ob3xahhwg3etzqm9jso3k.png\" title=\"Screenshot 2024-06-03 at 11.15.13\" alt=\"Screenshot 2024-06-03 at 11.15.13\" loading=\"lazy\" \/>\t\t\t\t\t\t\t\t<\/a>\n\t\t\t\t\t\t\t\t\t\t\t\t\t\t\t<\/div>\n\t\t\t\t<\/div>\n\t\t\t\t\t<\/div>\n\t\t\t\t<\/div>\n\t\t<div class=\"elementor-element elementor-element-553d08f e-con-full e-flex e-con e-parent\" data-id=\"553d08f\" data-element_type=\"container\" data-settings=\"{&quot;background_background&quot;:&quot;classic&quot;}\">\n\t\t\t\t<div class=\"elementor-element elementor-element-0b5a24c elementor-widget elementor-widget-text-editor\" data-id=\"0b5a24c\" data-element_type=\"widget\" data-widget_type=\"text-editor.default\">\n\t\t\t\t<div class=\"elementor-widget-container\">\n\t\t\t\t\t\t\t\t\t<p><a href=\"mailto: info@spiritsclub.pt\"><span style=\"color: #ffffff;\"><img loading=\"lazy\" decoding=\"async\" class=\"alignright\" src=\"https:\/\/spiritsclub.pt\/wp-content\/uploads\/2024\/06\/MAIL-WH.png\" alt=\"mail\" width=\"30\" height=\"30\" \/><\/span><\/a>\u00a0\u00a0<span style=\"color: #ffffff;\"><a href=\"https:\/\/www.facebook.com\/MAIACOCKTAILCPARTY\"><img loading=\"lazy\" decoding=\"async\" class=\"alignright\" src=\"https:\/\/spiritsclub.pt\/wp-content\/uploads\/2024\/06\/FB-WH.png\" alt=\"mail\" width=\"30\" height=\"30\" \/><\/a><\/span><\/p>\t\t\t\t\t\t\t\t<\/div>\n\t\t\t\t<\/div>\n\t\t\t\t<div class=\"elementor-element elementor-element-f462954 elementor-widget elementor-widget-text-editor\" data-id=\"f462954\" data-element_type=\"widget\" data-widget_type=\"text-editor.default\">\n\t\t\t\t<div class=\"elementor-widget-container\">\n\t\t\t\t\t\t\t\t\t<p><span style=\"color: #ffffff;\">\u00a9 Move On Entertainment<\/span><\/p>\t\t\t\t\t\t\t\t<\/div>\n\t\t\t\t<\/div>\n\t\t\t\t<\/div>\n\t\t\t\t<\/div>\n\t\t","protected":false},"excerpt":{"rendered":"<p>Eventos \u00a0 \u00a0 \u00a0 \u00a0 \u00a0 \u00a0 \u00a0Forma\u00e7\u00e3o https:\/\/www.youtube.com\/watch?v=BV_u60Y7jiE Seja uma Pool Party em sua casa ou um evento institucional, para 12 ou para 3000 pessoas os nossos bares adaptam-se a qualquer tipo de evento de forma a que se misturem com o espa\u00e7o de forma funcional. Solu\u00e7\u00f5es chave na m\u00e3o com estrutura, copos, pessoal, [&hellip;]<\/p>\n","protected":false},"author":1,"featured_media":0,"parent":8,"menu_order":0,"comment_status":"closed","ping_status":"closed","template":"elementor_canvas","meta":{"footnotes":""},"class_list":["post-241","page","type-page","status-publish","hentry"],"yoast_head":"<!-- This site is optimized with the Yoast SEO plugin v24.4 - https:\/\/yoast.com\/wordpress\/plugins\/seo\/ -->\n<title>Forma\u00e7\u00e3o SpiritsClub - Spirits Club<\/title>\n<meta name=\"robots\" content=\"index, follow, max-snippet:-1, max-image-preview:large, max-video-preview:-1\" \/>\n<link rel=\"canonical\" href=\"https:\/\/spiritsclub.pt\/?page_id=241\" \/>\n<meta property=\"og:locale\" content=\"pt_PT\" \/>\n<meta property=\"og:type\" content=\"article\" \/>\n<meta property=\"og:title\" content=\"Forma\u00e7\u00e3o SpiritsClub - Spirits Club\" \/>\n<meta property=\"og:description\" content=\"Eventos \u00a0 \u00a0 \u00a0 \u00a0 \u00a0 \u00a0 \u00a0Forma\u00e7\u00e3o https:\/\/www.youtube.com\/watch?v=BV_u60Y7jiE Seja uma Pool Party em sua casa ou um evento institucional, para 12 ou para 3000 pessoas os nossos bares adaptam-se a qualquer tipo de evento de forma a que se misturem com o espa\u00e7o de forma funcional. Solu\u00e7\u00f5es chave na m\u00e3o com estrutura, copos, pessoal, [&hellip;]\" \/>\n<meta property=\"og:url\" content=\"https:\/\/spiritsclub.pt\/?page_id=241\" \/>\n<meta property=\"og:site_name\" content=\"Spirits Club\" \/>\n<meta property=\"article:modified_time\" content=\"2026-03-04T22:39:43+00:00\" \/>\n<meta property=\"og:image\" content=\"https:\/\/spiritsclub.pt\/wp-content\/uploads\/2024\/05\/SC_LOGO.png\" \/>\n\t<meta property=\"og:image:width\" content=\"640\" \/>\n\t<meta property=\"og:image:height\" content=\"640\" \/>\n\t<meta property=\"og:image:type\" content=\"image\/png\" \/>\n<meta name=\"twitter:card\" content=\"summary_large_image\" \/>\n<meta name=\"twitter:label1\" content=\"Tempo estimado de leitura\" \/>\n\t<meta name=\"twitter:data1\" content=\"2 minutos\" \/>\n<script type=\"application\/ld+json\" class=\"yoast-schema-graph\">{\"@context\":\"https:\/\/schema.org\",\"@graph\":[{\"@type\":\"WebPage\",\"@id\":\"https:\/\/spiritsclub.pt\/?page_id=241\",\"url\":\"https:\/\/spiritsclub.pt\/?page_id=241\",\"name\":\"Forma\u00e7\u00e3o SpiritsClub - Spirits Club\",\"isPartOf\":{\"@id\":\"https:\/\/spiritsclub.pt\/#website\"},\"primaryImageOfPage\":{\"@id\":\"https:\/\/spiritsclub.pt\/?page_id=241#primaryimage\"},\"image\":{\"@id\":\"https:\/\/spiritsclub.pt\/?page_id=241#primaryimage\"},\"thumbnailUrl\":\"https:\/\/spiritsclub.pt\/wp-content\/uploads\/2024\/05\/SC_LOGO-300x300.png\",\"datePublished\":\"2024-06-03T13:37:35+00:00\",\"dateModified\":\"2026-03-04T22:39:43+00:00\",\"breadcrumb\":{\"@id\":\"https:\/\/spiritsclub.pt\/?page_id=241#breadcrumb\"},\"inLanguage\":\"pt-PT\",\"potentialAction\":[{\"@type\":\"ReadAction\",\"target\":[\"https:\/\/spiritsclub.pt\/?page_id=241\"]}]},{\"@type\":\"ImageObject\",\"inLanguage\":\"pt-PT\",\"@id\":\"https:\/\/spiritsclub.pt\/?page_id=241#primaryimage\",\"url\":\"https:\/\/spiritsclub.pt\/wp-content\/uploads\/2024\/05\/SC_LOGO.png\",\"contentUrl\":\"https:\/\/spiritsclub.pt\/wp-content\/uploads\/2024\/05\/SC_LOGO.png\",\"width\":640,\"height\":640},{\"@type\":\"BreadcrumbList\",\"@id\":\"https:\/\/spiritsclub.pt\/?page_id=241#breadcrumb\",\"itemListElement\":[{\"@type\":\"ListItem\",\"position\":1,\"name\":\"In\u00edcio\",\"item\":\"https:\/\/spiritsclub.pt\/\"},{\"@type\":\"ListItem\",\"position\":2,\"name\":\"SClub\",\"item\":\"https:\/\/spiritsclub.pt\/\"},{\"@type\":\"ListItem\",\"position\":3,\"name\":\"Forma\u00e7\u00e3o SpiritsClub\"}]},{\"@type\":\"WebSite\",\"@id\":\"https:\/\/spiritsclub.pt\/#website\",\"url\":\"https:\/\/spiritsclub.pt\/\",\"name\":\"Spirits Club\",\"description\":\"\",\"potentialAction\":[{\"@type\":\"SearchAction\",\"target\":{\"@type\":\"EntryPoint\",\"urlTemplate\":\"https:\/\/spiritsclub.pt\/?s={search_term_string}\"},\"query-input\":{\"@type\":\"PropertyValueSpecification\",\"valueRequired\":true,\"valueName\":\"search_term_string\"}}],\"inLanguage\":\"pt-PT\"}]}<\/script>\n<!-- \/ Yoast SEO plugin. -->","yoast_head_json":{"title":"Forma\u00e7\u00e3o SpiritsClub - Spirits Club","robots":{"index":"index","follow":"follow","max-snippet":"max-snippet:-1","max-image-preview":"max-image-preview:large","max-video-preview":"max-video-preview:-1"},"canonical":"https:\/\/spiritsclub.pt\/?page_id=241","og_locale":"pt_PT","og_type":"article","og_title":"Forma\u00e7\u00e3o SpiritsClub - Spirits Club","og_description":"Eventos \u00a0 \u00a0 \u00a0 \u00a0 \u00a0 \u00a0 \u00a0Forma\u00e7\u00e3o https:\/\/www.youtube.com\/watch?v=BV_u60Y7jiE Seja uma Pool Party em sua casa ou um evento institucional, para 12 ou para 3000 pessoas os nossos bares adaptam-se a qualquer tipo de evento de forma a que se misturem com o espa\u00e7o de forma funcional. Solu\u00e7\u00f5es chave na m\u00e3o com estrutura, copos, pessoal, [&hellip;]","og_url":"https:\/\/spiritsclub.pt\/?page_id=241","og_site_name":"Spirits Club","article_modified_time":"2026-03-04T22:39:43+00:00","og_image":[{"width":640,"height":640,"url":"https:\/\/spiritsclub.pt\/wp-content\/uploads\/2024\/05\/SC_LOGO.png","type":"image\/png"}],"twitter_card":"summary_large_image","twitter_misc":{"Tempo estimado de leitura":"2 minutos"},"schema":{"@context":"https:\/\/schema.org","@graph":[{"@type":"WebPage","@id":"https:\/\/spiritsclub.pt\/?page_id=241","url":"https:\/\/spiritsclub.pt\/?page_id=241","name":"Forma\u00e7\u00e3o SpiritsClub - Spirits Club","isPartOf":{"@id":"https:\/\/spiritsclub.pt\/#website"},"primaryImageOfPage":{"@id":"https:\/\/spiritsclub.pt\/?page_id=241#primaryimage"},"image":{"@id":"https:\/\/spiritsclub.pt\/?page_id=241#primaryimage"},"thumbnailUrl":"https:\/\/spiritsclub.pt\/wp-content\/uploads\/2024\/05\/SC_LOGO-300x300.png","datePublished":"2024-06-03T13:37:35+00:00","dateModified":"2026-03-04T22:39:43+00:00","breadcrumb":{"@id":"https:\/\/spiritsclub.pt\/?page_id=241#breadcrumb"},"inLanguage":"pt-PT","potentialAction":[{"@type":"ReadAction","target":["https:\/\/spiritsclub.pt\/?page_id=241"]}]},{"@type":"ImageObject","inLanguage":"pt-PT","@id":"https:\/\/spiritsclub.pt\/?page_id=241#primaryimage","url":"https:\/\/spiritsclub.pt\/wp-content\/uploads\/2024\/05\/SC_LOGO.png","contentUrl":"https:\/\/spiritsclub.pt\/wp-content\/uploads\/2024\/05\/SC_LOGO.png","width":640,"height":640},{"@type":"BreadcrumbList","@id":"https:\/\/spiritsclub.pt\/?page_id=241#breadcrumb","itemListElement":[{"@type":"ListItem","position":1,"name":"In\u00edcio","item":"https:\/\/spiritsclub.pt\/"},{"@type":"ListItem","position":2,"name":"SClub","item":"https:\/\/spiritsclub.pt\/"},{"@type":"ListItem","position":3,"name":"Forma\u00e7\u00e3o SpiritsClub"}]},{"@type":"WebSite","@id":"https:\/\/spiritsclub.pt\/#website","url":"https:\/\/spiritsclub.pt\/","name":"Spirits Club","description":"","potentialAction":[{"@type":"SearchAction","target":{"@type":"EntryPoint","urlTemplate":"https:\/\/spiritsclub.pt\/?s={search_term_string}"},"query-input":{"@type":"PropertyValueSpecification","valueRequired":true,"valueName":"search_term_string"}}],"inLanguage":"pt-PT"}]}},"_links":{"self":[{"href":"https:\/\/spiritsclub.pt\/index.php?rest_route=\/wp\/v2\/pages\/241","targetHints":{"allow":["GET"]}}],"collection":[{"href":"https:\/\/spiritsclub.pt\/index.php?rest_route=\/wp\/v2\/pages"}],"about":[{"href":"https:\/\/spiritsclub.pt\/index.php?rest_route=\/wp\/v2\/types\/page"}],"author":[{"embeddable":true,"href":"https:\/\/spiritsclub.pt\/index.php?rest_route=\/wp\/v2\/users\/1"}],"replies":[{"embeddable":true,"href":"https:\/\/spiritsclub.pt\/index.php?rest_route=%2Fwp%2Fv2%2Fcomments&post=241"}],"version-history":[{"count":4,"href":"https:\/\/spiritsclub.pt\/index.php?rest_route=\/wp\/v2\/pages\/241\/revisions"}],"predecessor-version":[{"id":450,"href":"https:\/\/spiritsclub.pt\/index.php?rest_route=\/wp\/v2\/pages\/241\/revisions\/450"}],"up":[{"embeddable":true,"href":"https:\/\/spiritsclub.pt\/index.php?rest_route=\/wp\/v2\/pages\/8"}],"wp:attachment":[{"href":"https:\/\/spiritsclub.pt\/index.php?rest_route=%2Fwp%2Fv2%2Fmedia&parent=241"}],"curies":[{"name":"wp","href":"https:\/\/api.w.org\/{rel}","templated":true}]}}